{"id":206,"date":"2016-07-05T09:35:35","date_gmt":"2016-07-05T07:35:35","guid":{"rendered":"http:\/\/tragschrauber.it\/wordpress?page_id=206"},"modified":"2024-02-12T00:42:54","modified_gmt":"2024-02-11T23:42:54","slug":"videofluege","status":"publish","type":"page","link":"https:\/\/tragschrauber.it\/wordpress\/fluege\/videofluege\/","title":{"rendered":"Videofl\u00fcge"},"content":{"rendered":"<p>Mit der eigenen Videokamera in die L\u00fcfte steigen und atemberaubende Livebilder drehen. Oder Sie brauchen Luftaufnahmen f\u00fcr kommerzielle Zwecke?<\/p>\n<p>Tragschrauber.it ist an Ihrer Seite<\/p>\n","protected":false},"excerpt":{"rendered":"<p>Mit der eigenen Videokamera in die L\u00fcfte steigen und atemberaubende Livebilder drehen. Oder Sie brauchen Luftaufnahmen f\u00fcr kommerzielle Zwecke? Tragschrauber.it ist an Ihrer Seite<\/p>\n","protected":false},"author":2,"featured_media":0,"parent":198,"menu_order":0,"comment_status":"closed","ping_status":"closed","template":"","meta":{"footnotes":""},"aioseo_notices":[],"_links":{"self":[{"href":"https:\/\/tragschrauber.it\/wordpress\/wp-json\/wp\/v2\/pages\/206"}],"collection":[{"href":"https:\/\/tragschrauber.it\/wordpress\/wp-json\/wp\/v2\/pages"}],"about":[{"href":"https:\/\/tragschrauber.it\/wordpress\/wp-json\/wp\/v2\/types\/page"}],"author":[{"embeddable":true,"href":"https:\/\/tragschrauber.it\/wordpress\/wp-json\/wp\/v2\/users\/2"}],"replies":[{"embeddable":true,"href":"https:\/\/tragschrauber.it\/wordpress\/wp-json\/wp\/v2\/comments?post=206"}],"version-history":[{"count":3,"href":"https:\/\/tragschrauber.it\/wordpress\/wp-json\/wp\/v2\/pages\/206\/revisions"}],"predecessor-version":[{"id":370,"href":"https:\/\/tragschrauber.it\/wordpress\/wp-json\/wp\/v2\/pages\/206\/revisions\/370"}],"up":[{"embeddable":true,"href":"https:\/\/tragschrauber.it\/wordpress\/wp-json\/wp\/v2\/pages\/198"}],"wp:attachment":[{"href":"https:\/\/tragschrauber.it\/wordpress\/wp-json\/wp\/v2\/media?parent=206"}],"curies":[{"name":"wp","href":"https:\/\/api.w.org\/{rel}","templated":true}]}}