{"id":200,"date":"2016-07-05T09:20:44","date_gmt":"2016-07-05T07:20:44","guid":{"rendered":"http:\/\/tragschrauber.it\/wordpress?page_id=200"},"modified":"2024-02-12T00:42:27","modified_gmt":"2024-02-11T23:42:27","slug":"fotofluege","status":"publish","type":"page","link":"https:\/\/tragschrauber.it\/wordpress\/fluege\/fotofluege\/","title":{"rendered":"Fotofl\u00fcge"},"content":{"rendered":"<p>Sch\u00f6ne Aufnahmen von Rotenburg W\u00fcmme, dem Heidepark oder gar den Jadebusen bei Wilhelmshaven? Welches Ausflugsziel wollten Sie schon immer mal von oben sehen? Bei l\u00e4ngeren Fl\u00fcgen ist f\u00fcr einen Aufpreis ein kleiner Boxenstop m\u00f6glich.<\/p>\n<p>Gehen Sie auf Himmelssafari und erleben Sie Ihr ganz eigenes kleines Abenteuer.<\/p>\n","protected":false},"excerpt":{"rendered":"<p>Sch\u00f6ne Aufnahmen von Rotenburg W\u00fcmme, dem Heidepark oder gar den Jadebusen bei Wilhelmshaven? Welches Ausflugsziel wollten Sie schon immer mal von oben sehen? Bei l\u00e4ngeren Fl\u00fcgen ist f\u00fcr einen Aufpreis ein kleiner Boxenstop m\u00f6glich. Gehen Sie auf Himmelssafari und erleben Sie Ihr ganz eigenes kleines Abenteuer.<\/p>\n","protected":false},"author":2,"featured_media":0,"parent":198,"menu_order":0,"comment_status":"closed","ping_status":"closed","template":"","meta":{"footnotes":""},"aioseo_notices":[],"_links":{"self":[{"href":"https:\/\/tragschrauber.it\/wordpress\/wp-json\/wp\/v2\/pages\/200"}],"collection":[{"href":"https:\/\/tragschrauber.it\/wordpress\/wp-json\/wp\/v2\/pages"}],"about":[{"href":"https:\/\/tragschrauber.it\/wordpress\/wp-json\/wp\/v2\/types\/page"}],"author":[{"embeddable":true,"href":"https:\/\/tragschrauber.it\/wordpress\/wp-json\/wp\/v2\/users\/2"}],"replies":[{"embeddable":true,"href":"https:\/\/tragschrauber.it\/wordpress\/wp-json\/wp\/v2\/comments?post=200"}],"version-history":[{"count":6,"href":"https:\/\/tragschrauber.it\/wordpress\/wp-json\/wp\/v2\/pages\/200\/revisions"}],"predecessor-version":[{"id":369,"href":"https:\/\/tragschrauber.it\/wordpress\/wp-json\/wp\/v2\/pages\/200\/revisions\/369"}],"up":[{"embeddable":true,"href":"https:\/\/tragschrauber.it\/wordpress\/wp-json\/wp\/v2\/pages\/198"}],"wp:attachment":[{"href":"https:\/\/tragschrauber.it\/wordpress\/wp-json\/wp\/v2\/media?parent=200"}],"curies":[{"name":"wp","href":"https:\/\/api.w.org\/{rel}","templated":true}]}}