{"id":198,"date":"2016-07-05T09:21:11","date_gmt":"2016-07-05T07:21:11","guid":{"rendered":"http:\/\/tragschrauber.it\/wordpress?page_id=198"},"modified":"2024-02-12T00:44:02","modified_gmt":"2024-02-11T23:44:02","slug":"fluege","status":"publish","type":"page","link":"https:\/\/tragschrauber.it\/wordpress\/fluege\/","title":{"rendered":"Fl\u00fcge"},"content":{"rendered":"<p>Einmal wie 007 durch die L\u00fcfte fliegen&#8230;<\/p>\n<p>Nat\u00fcrlich sind unsere Angebote auch als Gutscheine erh\u00e4ltlich.<\/p>\n<p>Bei schlechtem Wetter wird der Flug um einen Tag verschoben( Sollte dieser Fall eintreten, benachrichtigen wir Sie 24 Std. vor Flugantritt per Email).<\/p>\n","protected":false},"excerpt":{"rendered":"<p>Einmal wie 007 durch die L\u00fcfte fliegen&#8230; Nat\u00fcrlich sind unsere Angebote auch als Gutscheine erh\u00e4ltlich. Bei schlechtem Wetter wird der Flug um einen Tag verschoben( Sollte dieser Fall eintreten, benachrichtigen wir Sie 24 Std. vor Flugantritt per Email).<\/p>\n","protected":false},"author":2,"featured_media":0,"parent":0,"menu_order":0,"comment_status":"closed","ping_status":"closed","template":"","meta":{"footnotes":""},"aioseo_notices":[],"_links":{"self":[{"href":"https:\/\/tragschrauber.it\/wordpress\/wp-json\/wp\/v2\/pages\/198"}],"collection":[{"href":"https:\/\/tragschrauber.it\/wordpress\/wp-json\/wp\/v2\/pages"}],"about":[{"href":"https:\/\/tragschrauber.it\/wordpress\/wp-json\/wp\/v2\/types\/page"}],"author":[{"embeddable":true,"href":"https:\/\/tragschrauber.it\/wordpress\/wp-json\/wp\/v2\/users\/2"}],"replies":[{"embeddable":true,"href":"https:\/\/tragschrauber.it\/wordpress\/wp-json\/wp\/v2\/comments?post=198"}],"version-history":[{"count":6,"href":"https:\/\/tragschrauber.it\/wordpress\/wp-json\/wp\/v2\/pages\/198\/revisions"}],"predecessor-version":[{"id":371,"href":"https:\/\/tragschrauber.it\/wordpress\/wp-json\/wp\/v2\/pages\/198\/revisions\/371"}],"wp:attachment":[{"href":"https:\/\/tragschrauber.it\/wordpress\/wp-json\/wp\/v2\/media?parent=198"}],"curies":[{"name":"wp","href":"https:\/\/api.w.org\/{rel}","templated":true}]}}